{"id":15345,"date":"2022-01-26T23:46:35","date_gmt":"2022-01-26T23:46:35","guid":{"rendered":"https:\/\/www.milenadunic.com\/shop\/rosa\/"},"modified":"2022-01-27T09:11:29","modified_gmt":"2022-01-27T09:11:29","slug":"rosa","status":"publish","type":"product","link":"https:\/\/www.milenadunic.com\/sr\/kolekcija\/rosa\/","title":{"rendered":"Rosa"},"content":{"rendered":"","protected":false},"excerpt":{"rendered":"<p>Rosa je strukirana haljina sa godet donjim delom i tri-\u010detvrt rukavima. Gornji deo je nalik korsetu, sa srcastim vratnim izrezom. Izra\u0111ena je od punijeg \u017eerseja diskretnog cvetnog dezena, sa dosta elastina.<\/p>\n","protected":false},"featured_media":14665,"template":"","meta":[],"_links":{"self":[{"href":"https:\/\/www.milenadunic.com\/sr\/wp-json\/wp\/v2\/product\/15345"}],"collection":[{"href":"https:\/\/www.milenadunic.com\/sr\/wp-json\/wp\/v2\/product"}],"about":[{"href":"https:\/\/www.milenadunic.com\/sr\/wp-json\/wp\/v2\/types\/product"}],"wp:featuredmedia":[{"embeddable":true,"href":"https:\/\/www.milenadunic.com\/sr\/wp-json\/wp\/v2\/media\/14665"}],"wp:attachment":[{"href":"https:\/\/www.milenadunic.com\/sr\/wp-json\/wp\/v2\/media?parent=15345"}],"curies":[{"name":"wp","href":"https:\/\/api.w.org\/{rel}","templated":true}]}}