{"id":15333,"date":"2022-01-26T23:46:35","date_gmt":"2022-01-26T23:46:35","guid":{"rendered":"https:\/\/www.milenadunic.com\/shop\/bebe\/"},"modified":"2022-01-27T09:11:08","modified_gmt":"2022-01-27T09:11:08","slug":"bebe","status":"publish","type":"product","link":"https:\/\/www.milenadunic.com\/sr\/kolekcija\/bebe\/","title":{"rendered":"Bebe"},"content":{"rendered":"","protected":false},"excerpt":{"rendered":"<p>Bebe je strukirana haljina asimetri\u010dnog kroja. Leva ivica ramena je spu\u0161tena, nabrana je na levom kuku, pa donji \u0161av ide ukoso. Izra\u0111ena je od pli\u0161ane \u010dipke, sa elastinom.<\/p>\n","protected":false},"featured_media":14640,"template":"","meta":[],"_links":{"self":[{"href":"https:\/\/www.milenadunic.com\/sr\/wp-json\/wp\/v2\/product\/15333"}],"collection":[{"href":"https:\/\/www.milenadunic.com\/sr\/wp-json\/wp\/v2\/product"}],"about":[{"href":"https:\/\/www.milenadunic.com\/sr\/wp-json\/wp\/v2\/types\/product"}],"wp:featuredmedia":[{"embeddable":true,"href":"https:\/\/www.milenadunic.com\/sr\/wp-json\/wp\/v2\/media\/14640"}],"wp:attachment":[{"href":"https:\/\/www.milenadunic.com\/sr\/wp-json\/wp\/v2\/media?parent=15333"}],"curies":[{"name":"wp","href":"https:\/\/api.w.org\/{rel}","templated":true}]}}