{"id":15326,"date":"2022-01-26T23:46:35","date_gmt":"2022-01-26T23:46:35","guid":{"rendered":"https:\/\/www.milenadunic.com\/shop\/gilda\/"},"modified":"2023-12-26T23:37:07","modified_gmt":"2023-12-26T23:37:07","slug":"gilda","status":"publish","type":"product","link":"https:\/\/www.milenadunic.com\/sr\/kolekcija\/gilda\/","title":{"rendered":"Gilda"},"content":{"rendered":"","protected":false},"excerpt":{"rendered":"<p>Gilda je strukirana haljina sa \u010damac vratnim izrezom i dubokim V izrezom na le\u0111ima. Rukavi su blago produ\u017eeni, dok nabrani centralni \u0161av pozadi doprinosi volumenu. Izra\u0111ena je od svetlucavog \u017eerseja sa dosta elastina.<\/p>\n","protected":false},"featured_media":14623,"template":"","meta":[],"_links":{"self":[{"href":"https:\/\/www.milenadunic.com\/sr\/wp-json\/wp\/v2\/product\/15326"}],"collection":[{"href":"https:\/\/www.milenadunic.com\/sr\/wp-json\/wp\/v2\/product"}],"about":[{"href":"https:\/\/www.milenadunic.com\/sr\/wp-json\/wp\/v2\/types\/product"}],"wp:featuredmedia":[{"embeddable":true,"href":"https:\/\/www.milenadunic.com\/sr\/wp-json\/wp\/v2\/media\/14623"}],"wp:attachment":[{"href":"https:\/\/www.milenadunic.com\/sr\/wp-json\/wp\/v2\/media?parent=15326"}],"curies":[{"name":"wp","href":"https:\/\/api.w.org\/{rel}","templated":true}]}}