{"id":15324,"date":"2022-01-26T23:48:36","date_gmt":"2022-01-26T23:48:36","guid":{"rendered":"https:\/\/www.milenadunic.com\/shop\/paula\/"},"modified":"2022-01-27T09:11:44","modified_gmt":"2022-01-27T09:11:44","slug":"paula","status":"publish","type":"product","link":"https:\/\/www.milenadunic.com\/sr\/kolekcija\/paula\/","title":{"rendered":"Paula"},"content":{"rendered":"","protected":false},"excerpt":{"rendered":"<p>Paula je strukirana haljina asimetri\u010dnog kroja. Leva ivica ramena je spu\u0161tena, nabrana je na levom kuku, pa donji \u0161av ide ukoso. Ima samo jedan, desni rukav. Izra\u0111ena je od pli\u0161ane \u010dipke, sa dosta elastina.<\/p>\n","protected":false},"featured_media":14688,"template":"","meta":[],"_links":{"self":[{"href":"https:\/\/www.milenadunic.com\/sr\/wp-json\/wp\/v2\/product\/15324"}],"collection":[{"href":"https:\/\/www.milenadunic.com\/sr\/wp-json\/wp\/v2\/product"}],"about":[{"href":"https:\/\/www.milenadunic.com\/sr\/wp-json\/wp\/v2\/types\/product"}],"wp:featuredmedia":[{"embeddable":true,"href":"https:\/\/www.milenadunic.com\/sr\/wp-json\/wp\/v2\/media\/14688"}],"wp:attachment":[{"href":"https:\/\/www.milenadunic.com\/sr\/wp-json\/wp\/v2\/media?parent=15324"}],"curies":[{"name":"wp","href":"https:\/\/api.w.org\/{rel}","templated":true}]}}