{"id":15318,"date":"2022-01-26T23:48:37","date_gmt":"2022-01-26T23:48:37","guid":{"rendered":"https:\/\/www.milenadunic.com\/shop\/malaya\/"},"modified":"2022-01-27T09:11:51","modified_gmt":"2022-01-27T09:11:51","slug":"malaya","status":"publish","type":"product","link":"https:\/\/www.milenadunic.com\/sr\/kolekcija\/malaya\/","title":{"rendered":"Malaya"},"content":{"rendered":"","protected":false},"excerpt":{"rendered":"<p>Malaya je strukirana haljina sa \u010damac vratnim izrezom i dubokim V izrezom na le\u0111ima. Rukavi su blago produ\u017eeni, dok nabrani centralni \u0161av pozadi doprinosi volumenu. Izra\u0111ena je \u017eerseja sa safari motivom i dosta likre.<\/p>\n","protected":false},"featured_media":14693,"template":"","meta":[],"_links":{"self":[{"href":"https:\/\/www.milenadunic.com\/sr\/wp-json\/wp\/v2\/product\/15318"}],"collection":[{"href":"https:\/\/www.milenadunic.com\/sr\/wp-json\/wp\/v2\/product"}],"about":[{"href":"https:\/\/www.milenadunic.com\/sr\/wp-json\/wp\/v2\/types\/product"}],"wp:featuredmedia":[{"embeddable":true,"href":"https:\/\/www.milenadunic.com\/sr\/wp-json\/wp\/v2\/media\/14693"}],"wp:attachment":[{"href":"https:\/\/www.milenadunic.com\/sr\/wp-json\/wp\/v2\/media?parent=15318"}],"curies":[{"name":"wp","href":"https:\/\/api.w.org\/{rel}","templated":true}]}}