{"id":15306,"date":"2022-01-26T23:52:32","date_gmt":"2022-01-26T23:52:32","guid":{"rendered":"https:\/\/www.milenadunic.com\/shop\/amy\/"},"modified":"2022-01-27T09:12:08","modified_gmt":"2022-01-27T09:12:08","slug":"amy","status":"publish","type":"product","link":"https:\/\/www.milenadunic.com\/sr\/kolekcija\/amy\/","title":{"rendered":"Amy"},"content":{"rendered":"","protected":false},"excerpt":{"rendered":"<p>Amy je haljina na tregere A-kroja, sa dubokim V-izrezom napred i pozadi. Donji deo se blago \u0161iri od struka. Izra\u0111ena je od pro\u0161aranog buklea, dok je postava od viskoze.<\/p>\n","protected":false},"featured_media":14715,"template":"","meta":[],"_links":{"self":[{"href":"https:\/\/www.milenadunic.com\/sr\/wp-json\/wp\/v2\/product\/15306"}],"collection":[{"href":"https:\/\/www.milenadunic.com\/sr\/wp-json\/wp\/v2\/product"}],"about":[{"href":"https:\/\/www.milenadunic.com\/sr\/wp-json\/wp\/v2\/types\/product"}],"wp:featuredmedia":[{"embeddable":true,"href":"https:\/\/www.milenadunic.com\/sr\/wp-json\/wp\/v2\/media\/14715"}],"wp:attachment":[{"href":"https:\/\/www.milenadunic.com\/sr\/wp-json\/wp\/v2\/media?parent=15306"}],"curies":[{"name":"wp","href":"https:\/\/api.w.org\/{rel}","templated":true}]}}