{"id":15292,"date":"2022-01-27T00:01:47","date_gmt":"2022-01-27T00:01:47","guid":{"rendered":"https:\/\/www.milenadunic.com\/shop\/nala\/"},"modified":"2022-10-28T09:11:50","modified_gmt":"2022-10-28T09:11:50","slug":"nala","status":"publish","type":"product","link":"https:\/\/www.milenadunic.com\/sr\/kolekcija\/nala\/","title":{"rendered":"Nala"},"content":{"rendered":"","protected":false},"excerpt":{"rendered":"<p>Nala je strukirana midi haljina, sa vratinim izrezom polurolke i kosim u\u0161icima u predelu struka. Izra\u0111ena je od punijeg elasti\u010dnog \u017eerseja animal printa.<\/p>\n","protected":false},"featured_media":14815,"template":"","meta":[],"_links":{"self":[{"href":"https:\/\/www.milenadunic.com\/sr\/wp-json\/wp\/v2\/product\/15292"}],"collection":[{"href":"https:\/\/www.milenadunic.com\/sr\/wp-json\/wp\/v2\/product"}],"about":[{"href":"https:\/\/www.milenadunic.com\/sr\/wp-json\/wp\/v2\/types\/product"}],"wp:featuredmedia":[{"embeddable":true,"href":"https:\/\/www.milenadunic.com\/sr\/wp-json\/wp\/v2\/media\/14815"}],"wp:attachment":[{"href":"https:\/\/www.milenadunic.com\/sr\/wp-json\/wp\/v2\/media?parent=15292"}],"curies":[{"name":"wp","href":"https:\/\/api.w.org\/{rel}","templated":true}]}}