{"id":15282,"date":"2022-01-27T00:01:47","date_gmt":"2022-01-27T00:01:47","guid":{"rendered":"https:\/\/www.milenadunic.com\/shop\/koko\/"},"modified":"2022-01-27T09:12:47","modified_gmt":"2022-01-27T09:12:47","slug":"koko","status":"publish","type":"product","link":"https:\/\/www.milenadunic.com\/sr\/kolekcija\/koko\/","title":{"rendered":"Koko"},"content":{"rendered":"","protected":false},"excerpt":{"rendered":"<p>Koko je haljina H-kroja, blago spu\u0161tenog struka i kvadratnog vratnog izreza. Bo\u010dno se nalaze vertikalni d\u017eepovi. Izra\u0111ena je od be\u017e buklea sa zlatkastim nitima. Postava je viskozna.<\/p>\n","protected":false},"featured_media":14783,"template":"","meta":[],"_links":{"self":[{"href":"https:\/\/www.milenadunic.com\/sr\/wp-json\/wp\/v2\/product\/15282"}],"collection":[{"href":"https:\/\/www.milenadunic.com\/sr\/wp-json\/wp\/v2\/product"}],"about":[{"href":"https:\/\/www.milenadunic.com\/sr\/wp-json\/wp\/v2\/types\/product"}],"wp:featuredmedia":[{"embeddable":true,"href":"https:\/\/www.milenadunic.com\/sr\/wp-json\/wp\/v2\/media\/14783"}],"wp:attachment":[{"href":"https:\/\/www.milenadunic.com\/sr\/wp-json\/wp\/v2\/media?parent=15282"}],"curies":[{"name":"wp","href":"https:\/\/api.w.org\/{rel}","templated":true}]}}