{"id":15271,"date":"2022-01-27T00:01:47","date_gmt":"2022-01-27T00:01:47","guid":{"rendered":"https:\/\/www.milenadunic.com\/shop\/sezam\/"},"modified":"2022-01-27T09:12:39","modified_gmt":"2022-01-27T09:12:39","slug":"sezam","status":"publish","type":"product","link":"https:\/\/www.milenadunic.com\/sr\/kolekcija\/sezam\/","title":{"rendered":"Sezam"},"content":{"rendered":"","protected":false},"excerpt":{"rendered":"<p>Sezam je haljina A-kroja sa dubokim \u0161licem na prednjoj levoj strani. Se\u010dena u struku, sa kai\u0161em od iste tkanine kao dodatkom. Rukave blago puf krojene, krasi po jedno zlatkasto dugme. Izra\u0111ena je od viskoze bez elastina sa printom klju\u010deva.<\/p>\n","protected":false},"featured_media":14769,"template":"","meta":[],"_links":{"self":[{"href":"https:\/\/www.milenadunic.com\/sr\/wp-json\/wp\/v2\/product\/15271"}],"collection":[{"href":"https:\/\/www.milenadunic.com\/sr\/wp-json\/wp\/v2\/product"}],"about":[{"href":"https:\/\/www.milenadunic.com\/sr\/wp-json\/wp\/v2\/types\/product"}],"wp:featuredmedia":[{"embeddable":true,"href":"https:\/\/www.milenadunic.com\/sr\/wp-json\/wp\/v2\/media\/14769"}],"wp:attachment":[{"href":"https:\/\/www.milenadunic.com\/sr\/wp-json\/wp\/v2\/media?parent=15271"}],"curies":[{"name":"wp","href":"https:\/\/api.w.org\/{rel}","templated":true}]}}