{"id":15260,"date":"2022-01-27T00:01:47","date_gmt":"2022-01-27T00:01:47","guid":{"rendered":"https:\/\/www.milenadunic.com\/shop\/ra\/"},"modified":"2022-01-27T17:14:22","modified_gmt":"2022-01-27T17:14:22","slug":"ra","status":"publish","type":"product","link":"https:\/\/www.milenadunic.com\/sr\/kolekcija\/ra\/","title":{"rendered":"Ra"},"content":{"rendered":"","protected":false},"excerpt":{"rendered":"<p>Ra je haljina H-kroja, sa vratinim izrezom polurolke, bo\u010dnim \u0161licevima i izrezima na rukavima koji se blago \u0161ire. Izra\u0111ena je od \u017eerseja reljefne teksture, sa dosta elastina.<\/p>\n","protected":false},"featured_media":14757,"template":"","meta":[],"_links":{"self":[{"href":"https:\/\/www.milenadunic.com\/sr\/wp-json\/wp\/v2\/product\/15260"}],"collection":[{"href":"https:\/\/www.milenadunic.com\/sr\/wp-json\/wp\/v2\/product"}],"about":[{"href":"https:\/\/www.milenadunic.com\/sr\/wp-json\/wp\/v2\/types\/product"}],"wp:featuredmedia":[{"embeddable":true,"href":"https:\/\/www.milenadunic.com\/sr\/wp-json\/wp\/v2\/media\/14757"}],"wp:attachment":[{"href":"https:\/\/www.milenadunic.com\/sr\/wp-json\/wp\/v2\/media?parent=15260"}],"curies":[{"name":"wp","href":"https:\/\/api.w.org\/{rel}","templated":true}]}}