{"id":15255,"date":"2022-01-27T00:01:47","date_gmt":"2022-01-27T00:01:47","guid":{"rendered":"https:\/\/www.milenadunic.com\/shop\/dzo\/"},"modified":"2022-01-27T09:12:23","modified_gmt":"2022-01-27T09:12:23","slug":"dzo","status":"publish","type":"product","link":"https:\/\/www.milenadunic.com\/sr\/kolekcija\/dzo\/","title":{"rendered":"D\u017eo"},"content":{"rendered":"","protected":false},"excerpt":{"rendered":"<p>D\u017eo je haljina H-kroja i kvadratnog vratnog izreza. Struk je blago spu\u0161ten, a bo\u010dno se nalaze vertikalni d\u017eepovi. Izra\u0111ena je od be\u017e buklea sa plavkastim detaljima. Postava je od viskozna.<\/p>\n","protected":false},"featured_media":14747,"template":"","meta":[],"_links":{"self":[{"href":"https:\/\/www.milenadunic.com\/sr\/wp-json\/wp\/v2\/product\/15255"}],"collection":[{"href":"https:\/\/www.milenadunic.com\/sr\/wp-json\/wp\/v2\/product"}],"about":[{"href":"https:\/\/www.milenadunic.com\/sr\/wp-json\/wp\/v2\/types\/product"}],"wp:featuredmedia":[{"embeddable":true,"href":"https:\/\/www.milenadunic.com\/sr\/wp-json\/wp\/v2\/media\/14747"}],"wp:attachment":[{"href":"https:\/\/www.milenadunic.com\/sr\/wp-json\/wp\/v2\/media?parent=15255"}],"curies":[{"name":"wp","href":"https:\/\/api.w.org\/{rel}","templated":true}]}}