{"id":15253,"date":"2022-01-27T00:04:11","date_gmt":"2022-01-27T00:04:11","guid":{"rendered":"https:\/\/www.milenadunic.com\/shop\/dokolica\/"},"modified":"2022-01-27T09:13:04","modified_gmt":"2022-01-27T09:13:04","slug":"dokolica","status":"publish","type":"product","link":"https:\/\/www.milenadunic.com\/sr\/kolekcija\/dokolica\/","title":{"rendered":"Dokolica"},"content":{"rendered":"","protected":false},"excerpt":{"rendered":"<p>Dokolica je strukirana midi haljina, sa vratinim izrezom polurolke i kosim u\u0161icima u predelu struka. Izra\u0111ena je od elasti\u010dnog \u017eerseja reljefne teksture.<\/p>\n","protected":false},"featured_media":14825,"template":"","meta":[],"_links":{"self":[{"href":"https:\/\/www.milenadunic.com\/sr\/wp-json\/wp\/v2\/product\/15253"}],"collection":[{"href":"https:\/\/www.milenadunic.com\/sr\/wp-json\/wp\/v2\/product"}],"about":[{"href":"https:\/\/www.milenadunic.com\/sr\/wp-json\/wp\/v2\/types\/product"}],"wp:featuredmedia":[{"embeddable":true,"href":"https:\/\/www.milenadunic.com\/sr\/wp-json\/wp\/v2\/media\/14825"}],"wp:attachment":[{"href":"https:\/\/www.milenadunic.com\/sr\/wp-json\/wp\/v2\/media?parent=15253"}],"curies":[{"name":"wp","href":"https:\/\/api.w.org\/{rel}","templated":true}]}}