{"id":15245,"date":"2022-01-27T00:05:24","date_gmt":"2022-01-27T00:05:24","guid":{"rendered":"https:\/\/www.milenadunic.com\/shop\/darling\/"},"modified":"2022-01-27T09:13:20","modified_gmt":"2022-01-27T09:13:20","slug":"darling","status":"publish","type":"product","link":"https:\/\/www.milenadunic.com\/sr\/kolekcija\/darling\/","title":{"rendered":"Darling"},"content":{"rendered":"","protected":false},"excerpt":{"rendered":"<p>Darling je haljina A-kroja sa dubokim \u0161licem na prednjoj levoj strani. Se\u010dena u struku, sa kai\u0161em od iste tkanine kao dodatkom. Rukave blago puf krojene, krasi po jedno svetlucavo dugme. Izra\u0111ena je od dezenirane viskoze bez elastina.<\/p>\n","protected":false},"featured_media":14845,"template":"","meta":[],"_links":{"self":[{"href":"https:\/\/www.milenadunic.com\/sr\/wp-json\/wp\/v2\/product\/15245"}],"collection":[{"href":"https:\/\/www.milenadunic.com\/sr\/wp-json\/wp\/v2\/product"}],"about":[{"href":"https:\/\/www.milenadunic.com\/sr\/wp-json\/wp\/v2\/types\/product"}],"wp:featuredmedia":[{"embeddable":true,"href":"https:\/\/www.milenadunic.com\/sr\/wp-json\/wp\/v2\/media\/14845"}],"wp:attachment":[{"href":"https:\/\/www.milenadunic.com\/sr\/wp-json\/wp\/v2\/media?parent=15245"}],"curies":[{"name":"wp","href":"https:\/\/api.w.org\/{rel}","templated":true}]}}