{"id":15233,"date":"2022-01-27T01:04:44","date_gmt":"2022-01-27T01:04:44","guid":{"rendered":"https:\/\/www.milenadunic.com\/shop\/ingrid\/"},"modified":"2022-01-27T09:06:58","modified_gmt":"2022-01-27T09:06:58","slug":"ingrid","status":"publish","type":"product","link":"https:\/\/www.milenadunic.com\/sr\/kolekcija\/ingrid\/","title":{"rendered":"Ingrid"},"content":{"rendered":"","protected":false},"excerpt":{"rendered":"<p>Ingrid je strukirana haljina sa \u010damac vratnim izrezom i dubokim V izrezom na le\u0111ima. Rukavi su blago produ\u017eeni, dok nabrani centralni \u0161av pozadi doprinosi volumenu. Izra\u0111ena je od dve nijanse elasti\u010dnog \u017eerseja sa animal printom. Mogu\u0107e je izraditi istu haljinu i u samo jednoj od ove dve boje, bez kombinovanja. U tom slu\u010daju mo\u017eete nas kontaktirati za dodatne informacije.<\/p>\n","protected":false},"featured_media":14917,"template":"","meta":[],"_links":{"self":[{"href":"https:\/\/www.milenadunic.com\/sr\/wp-json\/wp\/v2\/product\/15233"}],"collection":[{"href":"https:\/\/www.milenadunic.com\/sr\/wp-json\/wp\/v2\/product"}],"about":[{"href":"https:\/\/www.milenadunic.com\/sr\/wp-json\/wp\/v2\/types\/product"}],"wp:featuredmedia":[{"embeddable":true,"href":"https:\/\/www.milenadunic.com\/sr\/wp-json\/wp\/v2\/media\/14917"}],"wp:attachment":[{"href":"https:\/\/www.milenadunic.com\/sr\/wp-json\/wp\/v2\/media?parent=15233"}],"curies":[{"name":"wp","href":"https:\/\/api.w.org\/{rel}","templated":true}]}}