{"id":15227,"date":"2022-01-27T01:04:44","date_gmt":"2022-01-27T01:04:44","guid":{"rendered":"https:\/\/www.milenadunic.com\/shop\/xena\/"},"modified":"2022-01-27T09:06:48","modified_gmt":"2022-01-27T09:06:48","slug":"xena","status":"publish","type":"product","link":"https:\/\/www.milenadunic.com\/sr\/kolekcija\/xena\/","title":{"rendered":"Xena"},"content":{"rendered":"","protected":false},"excerpt":{"rendered":"<p>Xena je strukirana mini haljina, sa vratinim izrezom polurolke. Donji rub haljine je asimetri\u010dan, tako da je desna prednja strana vi\u0161e otkrivena od leve. Haljina je izra\u0111ena od pamu\u010dnog \u017eerseja, u boji maline. Dostupna je i tamno plava varijanta, pa u slu\u010daju da \u017eelite nju, mo\u017eete nas kontaktirati za dodatne informacije.<\/p>\n","protected":false},"featured_media":14906,"template":"","meta":[],"_links":{"self":[{"href":"https:\/\/www.milenadunic.com\/sr\/wp-json\/wp\/v2\/product\/15227"}],"collection":[{"href":"https:\/\/www.milenadunic.com\/sr\/wp-json\/wp\/v2\/product"}],"about":[{"href":"https:\/\/www.milenadunic.com\/sr\/wp-json\/wp\/v2\/types\/product"}],"wp:featuredmedia":[{"embeddable":true,"href":"https:\/\/www.milenadunic.com\/sr\/wp-json\/wp\/v2\/media\/14906"}],"wp:attachment":[{"href":"https:\/\/www.milenadunic.com\/sr\/wp-json\/wp\/v2\/media?parent=15227"}],"curies":[{"name":"wp","href":"https:\/\/api.w.org\/{rel}","templated":true}]}}