{"id":15225,"date":"2022-01-27T01:04:44","date_gmt":"2022-01-27T01:04:44","guid":{"rendered":"https:\/\/www.milenadunic.com\/shop\/penelopa\/"},"modified":"2022-01-27T09:06:36","modified_gmt":"2022-01-27T09:06:36","slug":"penelopa","status":"publish","type":"product","link":"https:\/\/www.milenadunic.com\/sr\/kolekcija\/penelopa\/","title":{"rendered":"Penelopa"},"content":{"rendered":"","protected":false},"excerpt":{"rendered":"<p>Penelopa je haljina A-kroja, sa V vratnim izrezom i \u0161irokim rukavima. Se\u010dena je u struku, a donji deo je preklopljen i \u010dini je asimetri\u010dnom. Ivice haljine i rukava su obra\u0111ene cik-cak bodom, \u0161to doprinosi njenoj lepr\u0161avosti. Izra\u0111ena je od tankog polu-transparentnog angora \u017eerseja.<\/p>\n","protected":false},"featured_media":14898,"template":"","meta":[],"_links":{"self":[{"href":"https:\/\/www.milenadunic.com\/sr\/wp-json\/wp\/v2\/product\/15225"}],"collection":[{"href":"https:\/\/www.milenadunic.com\/sr\/wp-json\/wp\/v2\/product"}],"about":[{"href":"https:\/\/www.milenadunic.com\/sr\/wp-json\/wp\/v2\/types\/product"}],"wp:featuredmedia":[{"embeddable":true,"href":"https:\/\/www.milenadunic.com\/sr\/wp-json\/wp\/v2\/media\/14898"}],"wp:attachment":[{"href":"https:\/\/www.milenadunic.com\/sr\/wp-json\/wp\/v2\/media?parent=15225"}],"curies":[{"name":"wp","href":"https:\/\/api.w.org\/{rel}","templated":true}]}}