{"id":15215,"date":"2022-01-27T01:04:44","date_gmt":"2022-01-27T01:04:44","guid":{"rendered":"https:\/\/www.milenadunic.com\/shop\/fina\/"},"modified":"2022-01-27T09:06:16","modified_gmt":"2022-01-27T09:06:16","slug":"fina","status":"publish","type":"product","link":"https:\/\/www.milenadunic.com\/sr\/kolekcija\/fina\/","title":{"rendered":"Fina"},"content":{"rendered":"","protected":false},"excerpt":{"rendered":"<p>Fina je haljina A-kroja, izra\u0111ena od fine bronzane svile. Drapiranog je vratnog izreza. Tanke bretele se vi\u0161e puta ukr\u0161taju i vezuju u donjem delu le\u0111a, gde se tako\u0111e nalazi jo\u0161 jedan drapirani deo.<\/p>\n","protected":false},"featured_media":14880,"template":"","meta":[],"_links":{"self":[{"href":"https:\/\/www.milenadunic.com\/sr\/wp-json\/wp\/v2\/product\/15215"}],"collection":[{"href":"https:\/\/www.milenadunic.com\/sr\/wp-json\/wp\/v2\/product"}],"about":[{"href":"https:\/\/www.milenadunic.com\/sr\/wp-json\/wp\/v2\/types\/product"}],"wp:featuredmedia":[{"embeddable":true,"href":"https:\/\/www.milenadunic.com\/sr\/wp-json\/wp\/v2\/media\/14880"}],"wp:attachment":[{"href":"https:\/\/www.milenadunic.com\/sr\/wp-json\/wp\/v2\/media?parent=15215"}],"curies":[{"name":"wp","href":"https:\/\/api.w.org\/{rel}","templated":true}]}}