{"id":15209,"date":"2022-01-27T01:04:44","date_gmt":"2022-01-27T01:04:44","guid":{"rendered":"https:\/\/www.milenadunic.com\/shop\/latte\/"},"modified":"2022-01-27T09:05:59","modified_gmt":"2022-01-27T09:05:59","slug":"latte","status":"publish","type":"product","link":"https:\/\/www.milenadunic.com\/sr\/kolekcija\/latte\/","title":{"rendered":"Latte"},"content":{"rendered":"","protected":false},"excerpt":{"rendered":"<p>Latte je haljina A-kroja sa dubokim \u0161licem na prednjoj levoj strani i puf rukavima. Se\u010dena je u struku, sa kai\u0161em od iste tkanine kao dodatkom. Izra\u0111ena je od svile sa svetlucavim detaljima. Dostupna je i be\u017e boji, pa nas mo\u017eete kontaktirajte za dodatne informacije.<\/p>\n","protected":false},"featured_media":14869,"template":"","meta":[],"_links":{"self":[{"href":"https:\/\/www.milenadunic.com\/sr\/wp-json\/wp\/v2\/product\/15209"}],"collection":[{"href":"https:\/\/www.milenadunic.com\/sr\/wp-json\/wp\/v2\/product"}],"about":[{"href":"https:\/\/www.milenadunic.com\/sr\/wp-json\/wp\/v2\/types\/product"}],"wp:featuredmedia":[{"embeddable":true,"href":"https:\/\/www.milenadunic.com\/sr\/wp-json\/wp\/v2\/media\/14869"}],"wp:attachment":[{"href":"https:\/\/www.milenadunic.com\/sr\/wp-json\/wp\/v2\/media?parent=15209"}],"curies":[{"name":"wp","href":"https:\/\/api.w.org\/{rel}","templated":true}]}}