{"id":15197,"date":"2022-01-27T01:07:33","date_gmt":"2022-01-27T01:07:33","guid":{"rendered":"https:\/\/www.milenadunic.com\/shop\/minnie\/"},"modified":"2022-01-27T09:07:15","modified_gmt":"2022-01-27T09:07:15","slug":"minnie","status":"publish","type":"product","link":"https:\/\/www.milenadunic.com\/sr\/kolekcija\/minnie\/","title":{"rendered":"Minnie"},"content":{"rendered":"","protected":false},"excerpt":{"rendered":"<p>Minnie je haljina na tregere A-kroja, sa dubokim V-izrezom napred i pozadi. Donji deo se blago \u0161iri od struka. Izra\u0111ena je od svetlucave, tufnaste tkanine me\u0161ovitog sastava (vuna), a postava je od viskoze.<\/p>\n","protected":false},"featured_media":14940,"template":"","meta":[],"_links":{"self":[{"href":"https:\/\/www.milenadunic.com\/sr\/wp-json\/wp\/v2\/product\/15197"}],"collection":[{"href":"https:\/\/www.milenadunic.com\/sr\/wp-json\/wp\/v2\/product"}],"about":[{"href":"https:\/\/www.milenadunic.com\/sr\/wp-json\/wp\/v2\/types\/product"}],"wp:featuredmedia":[{"embeddable":true,"href":"https:\/\/www.milenadunic.com\/sr\/wp-json\/wp\/v2\/media\/14940"}],"wp:attachment":[{"href":"https:\/\/www.milenadunic.com\/sr\/wp-json\/wp\/v2\/media?parent=15197"}],"curies":[{"name":"wp","href":"https:\/\/api.w.org\/{rel}","templated":true}]}}