{"id":15185,"date":"2022-01-27T01:11:04","date_gmt":"2022-01-27T01:11:04","guid":{"rendered":"https:\/\/www.milenadunic.com\/shop\/helga\/"},"modified":"2022-01-27T09:07:32","modified_gmt":"2022-01-27T09:07:32","slug":"helga","status":"publish","type":"product","link":"https:\/\/www.milenadunic.com\/sr\/kolekcija\/helga\/","title":{"rendered":"Helga"},"content":{"rendered":"","protected":false},"excerpt":{"rendered":"<p>Helga je strukirana haljina, kvadratnog vratnog izreza i tri-\u010detvrt rukava. Detalj su 2 safari d\u017eepa na prednjem donjem delu. Izra\u0111ena je od pamuka maskirnog dezena.<\/p>\n","protected":false},"featured_media":14962,"template":"","meta":[],"_links":{"self":[{"href":"https:\/\/www.milenadunic.com\/sr\/wp-json\/wp\/v2\/product\/15185"}],"collection":[{"href":"https:\/\/www.milenadunic.com\/sr\/wp-json\/wp\/v2\/product"}],"about":[{"href":"https:\/\/www.milenadunic.com\/sr\/wp-json\/wp\/v2\/types\/product"}],"wp:featuredmedia":[{"embeddable":true,"href":"https:\/\/www.milenadunic.com\/sr\/wp-json\/wp\/v2\/media\/14962"}],"wp:attachment":[{"href":"https:\/\/www.milenadunic.com\/sr\/wp-json\/wp\/v2\/media?parent=15185"}],"curies":[{"name":"wp","href":"https:\/\/api.w.org\/{rel}","templated":true}]}}