{"id":15168,"date":"2022-01-27T01:16:11","date_gmt":"2022-01-27T01:16:11","guid":{"rendered":"https:\/\/www.milenadunic.com\/shop\/pa-ti\/"},"modified":"2022-01-27T09:08:10","modified_gmt":"2022-01-27T09:08:10","slug":"pa-ti","status":"publish","type":"product","link":"https:\/\/www.milenadunic.com\/sr\/kolekcija\/pa-ti\/","title":{"rendered":"Pa ti"},"content":{"rendered":"","protected":false},"excerpt":{"rendered":"<p>Pa ti je strukirana mini haljina, sa vratinim izrezom polurolke. Donji rub haljine je asimetri\u010dan, tako da je desna prednja strana vi\u0161e otkrivena od leve. Haljina je izra\u0111ena od svetlucavog angora \u017eerseja, u ljubi\u010dastoj boji.<\/p>\n","protected":false},"featured_media":15012,"template":"","meta":[],"_links":{"self":[{"href":"https:\/\/www.milenadunic.com\/sr\/wp-json\/wp\/v2\/product\/15168"}],"collection":[{"href":"https:\/\/www.milenadunic.com\/sr\/wp-json\/wp\/v2\/product"}],"about":[{"href":"https:\/\/www.milenadunic.com\/sr\/wp-json\/wp\/v2\/types\/product"}],"wp:featuredmedia":[{"embeddable":true,"href":"https:\/\/www.milenadunic.com\/sr\/wp-json\/wp\/v2\/media\/15012"}],"wp:attachment":[{"href":"https:\/\/www.milenadunic.com\/sr\/wp-json\/wp\/v2\/media?parent=15168"}],"curies":[{"name":"wp","href":"https:\/\/api.w.org\/{rel}","templated":true}]}}