{"id":15157,"date":"2022-01-27T01:16:11","date_gmt":"2022-01-27T01:16:11","guid":{"rendered":"https:\/\/www.milenadunic.com\/shop\/orion\/"},"modified":"2022-01-27T09:08:03","modified_gmt":"2022-01-27T09:08:03","slug":"orion","status":"publish","type":"product","link":"https:\/\/www.milenadunic.com\/sr\/kolekcija\/orion\/","title":{"rendered":"Orion"},"content":{"rendered":"","protected":false},"excerpt":{"rendered":"<p>Orion je haljina H-kroja, sa vratinim izrezom polurolke, bo\u010dnim \u0161licevima i izrezima na rukavima koji se blago \u0161ire. Izra\u0111ena je od crnog \u017eerseja sa sitnim ta\u010dkicama.<\/p>\n","protected":false},"featured_media":14999,"template":"","meta":[],"_links":{"self":[{"href":"https:\/\/www.milenadunic.com\/sr\/wp-json\/wp\/v2\/product\/15157"}],"collection":[{"href":"https:\/\/www.milenadunic.com\/sr\/wp-json\/wp\/v2\/product"}],"about":[{"href":"https:\/\/www.milenadunic.com\/sr\/wp-json\/wp\/v2\/types\/product"}],"wp:featuredmedia":[{"embeddable":true,"href":"https:\/\/www.milenadunic.com\/sr\/wp-json\/wp\/v2\/media\/14999"}],"wp:attachment":[{"href":"https:\/\/www.milenadunic.com\/sr\/wp-json\/wp\/v2\/media?parent=15157"}],"curies":[{"name":"wp","href":"https:\/\/api.w.org\/{rel}","templated":true}]}}