{"id":15146,"date":"2022-01-27T01:16:11","date_gmt":"2022-01-27T01:16:11","guid":{"rendered":"https:\/\/www.milenadunic.com\/shop\/yuki\/"},"modified":"2022-01-27T09:07:53","modified_gmt":"2022-01-27T09:07:53","slug":"yuki","status":"publish","type":"product","link":"https:\/\/www.milenadunic.com\/sr\/kolekcija\/yuki\/","title":{"rendered":"Yuki"},"content":{"rendered":"","protected":false},"excerpt":{"rendered":"<p>Yuki je haljina H-kroja, sa vratinim izrezom polurolke,  bo\u010dnim \u0161licevima i izrezima na rukavima koji se blago \u0161ire. Izra\u0111ena je od tankog \u017eerseja sa ski motivom.<\/p>\n","protected":false},"featured_media":14987,"template":"","meta":[],"_links":{"self":[{"href":"https:\/\/www.milenadunic.com\/sr\/wp-json\/wp\/v2\/product\/15146"}],"collection":[{"href":"https:\/\/www.milenadunic.com\/sr\/wp-json\/wp\/v2\/product"}],"about":[{"href":"https:\/\/www.milenadunic.com\/sr\/wp-json\/wp\/v2\/types\/product"}],"wp:featuredmedia":[{"embeddable":true,"href":"https:\/\/www.milenadunic.com\/sr\/wp-json\/wp\/v2\/media\/14987"}],"wp:attachment":[{"href":"https:\/\/www.milenadunic.com\/sr\/wp-json\/wp\/v2\/media?parent=15146"}],"curies":[{"name":"wp","href":"https:\/\/api.w.org\/{rel}","templated":true}]}}