{"id":15135,"date":"2022-01-27T01:16:12","date_gmt":"2022-01-27T01:16:12","guid":{"rendered":"https:\/\/www.milenadunic.com\/shop\/impasto\/"},"modified":"2022-01-27T09:08:39","modified_gmt":"2022-01-27T09:08:39","slug":"impasto","status":"publish","type":"product","link":"https:\/\/www.milenadunic.com\/sr\/kolekcija\/impasto\/","title":{"rendered":"Impasto"},"content":{"rendered":"","protected":false},"excerpt":{"rendered":"<p>Impasto je haljina H-kroja sa V izrezom na le\u0111ima i vertikalnim bo\u010dnim d\u017eepovima. Izra\u0111ena je od dezenirane viskozne tkanine.<\/p>\n","protected":false},"featured_media":15037,"template":"","meta":[],"_links":{"self":[{"href":"https:\/\/www.milenadunic.com\/sr\/wp-json\/wp\/v2\/product\/15135"}],"collection":[{"href":"https:\/\/www.milenadunic.com\/sr\/wp-json\/wp\/v2\/product"}],"about":[{"href":"https:\/\/www.milenadunic.com\/sr\/wp-json\/wp\/v2\/types\/product"}],"wp:featuredmedia":[{"embeddable":true,"href":"https:\/\/www.milenadunic.com\/sr\/wp-json\/wp\/v2\/media\/15037"}],"wp:attachment":[{"href":"https:\/\/www.milenadunic.com\/sr\/wp-json\/wp\/v2\/media?parent=15135"}],"curies":[{"name":"wp","href":"https:\/\/api.w.org\/{rel}","templated":true}]}}