{"id":15132,"date":"2022-01-27T01:17:19","date_gmt":"2022-01-27T01:17:19","guid":{"rendered":"https:\/\/www.milenadunic.com\/shop\/poppy\/"},"modified":"2022-01-27T09:08:52","modified_gmt":"2022-01-27T09:08:52","slug":"poppy","status":"publish","type":"product","link":"https:\/\/www.milenadunic.com\/sr\/kolekcija\/poppy\/","title":{"rendered":"Poppy"},"content":{"rendered":"","protected":false},"excerpt":{"rendered":"<p>Poppy je strukirana haljina se\u010dena u struku, sa vratinim izrezom polurolke i kosim u\u0161icima u predelu struka. Izra\u0111ena je od cvetno dezeniranog lorana sa dosta elastina.<\/p>\n","protected":false},"featured_media":15046,"template":"","meta":[],"_links":{"self":[{"href":"https:\/\/www.milenadunic.com\/sr\/wp-json\/wp\/v2\/product\/15132"}],"collection":[{"href":"https:\/\/www.milenadunic.com\/sr\/wp-json\/wp\/v2\/product"}],"about":[{"href":"https:\/\/www.milenadunic.com\/sr\/wp-json\/wp\/v2\/types\/product"}],"wp:featuredmedia":[{"embeddable":true,"href":"https:\/\/www.milenadunic.com\/sr\/wp-json\/wp\/v2\/media\/15046"}],"wp:attachment":[{"href":"https:\/\/www.milenadunic.com\/sr\/wp-json\/wp\/v2\/media?parent=15132"}],"curies":[{"name":"wp","href":"https:\/\/api.w.org\/{rel}","templated":true}]}}