{"id":15129,"date":"2022-01-27T01:18:30","date_gmt":"2022-01-27T01:18:30","guid":{"rendered":"https:\/\/www.milenadunic.com\/shop\/flamingo\/"},"modified":"2022-01-27T09:09:10","modified_gmt":"2022-01-27T09:09:10","slug":"flamingo","status":"publish","type":"product","link":"https:\/\/www.milenadunic.com\/sr\/kolekcija\/flamingo\/","title":{"rendered":"Flamingo"},"content":{"rendered":"","protected":false},"excerpt":{"rendered":"<p>Flamingo je strukirana haljina asimetri\u010dnog kroja. Leva ivica ramena je spu\u0161tena, nabrana je na levom kuku pa donji \u0161av ide ukoso. Izra\u0111ena je od pli\u0161ane \u010dipke, sa elastinom.<\/p>\n","protected":false},"featured_media":15061,"template":"","meta":[],"_links":{"self":[{"href":"https:\/\/www.milenadunic.com\/sr\/wp-json\/wp\/v2\/product\/15129"}],"collection":[{"href":"https:\/\/www.milenadunic.com\/sr\/wp-json\/wp\/v2\/product"}],"about":[{"href":"https:\/\/www.milenadunic.com\/sr\/wp-json\/wp\/v2\/types\/product"}],"wp:featuredmedia":[{"embeddable":true,"href":"https:\/\/www.milenadunic.com\/sr\/wp-json\/wp\/v2\/media\/15061"}],"wp:attachment":[{"href":"https:\/\/www.milenadunic.com\/sr\/wp-json\/wp\/v2\/media?parent=15129"}],"curies":[{"name":"wp","href":"https:\/\/api.w.org\/{rel}","templated":true}]}}