{"id":15124,"date":"2022-01-27T01:18:30","date_gmt":"2022-01-27T01:18:30","guid":{"rendered":"https:\/\/www.milenadunic.com\/shop\/platinum\/"},"modified":"2022-01-27T09:08:59","modified_gmt":"2022-01-27T09:08:59","slug":"platinum","status":"publish","type":"product","link":"https:\/\/www.milenadunic.com\/sr\/kolekcija\/platinum\/","title":{"rendered":"Platinum"},"content":{"rendered":"","protected":false},"excerpt":{"rendered":"<p>Platinum je strukirana haljina asimetri\u010dnog kroja. Leva ivica ramena je spu\u0161tena, nabrana je na levom kuku pa donji \u0161av ide ukoso. Izra\u0111ena je od pli\u0161ane \u010dipke, sa elastinom.<\/p>\n","protected":false},"featured_media":15053,"template":"","meta":[],"_links":{"self":[{"href":"https:\/\/www.milenadunic.com\/sr\/wp-json\/wp\/v2\/product\/15124"}],"collection":[{"href":"https:\/\/www.milenadunic.com\/sr\/wp-json\/wp\/v2\/product"}],"about":[{"href":"https:\/\/www.milenadunic.com\/sr\/wp-json\/wp\/v2\/types\/product"}],"wp:featuredmedia":[{"embeddable":true,"href":"https:\/\/www.milenadunic.com\/sr\/wp-json\/wp\/v2\/media\/15053"}],"wp:attachment":[{"href":"https:\/\/www.milenadunic.com\/sr\/wp-json\/wp\/v2\/media?parent=15124"}],"curies":[{"name":"wp","href":"https:\/\/api.w.org\/{rel}","templated":true}]}}