{"id":15118,"date":"2022-01-27T08:41:37","date_gmt":"2022-01-27T08:41:37","guid":{"rendered":"https:\/\/www.milenadunic.com\/shop\/sega\/"},"modified":"2022-01-27T09:04:48","modified_gmt":"2022-01-27T09:04:48","slug":"sega","status":"publish","type":"product","link":"https:\/\/www.milenadunic.com\/sr\/kolekcija\/sega\/","title":{"rendered":"Sega"},"content":{"rendered":"","protected":false},"excerpt":{"rendered":"<p>Sega je haljina H-kroja, sa vratinim izrezom polurolke, bo\u010dnim \u0161licevima i izrezima na rukavima koji se blago \u0161ire. Izra\u0111ena je od svetlucavog, punijeg \u017eerseja reljefne teksture, sa dosta elastina.<\/p>\n","protected":false},"featured_media":15108,"template":"","meta":[],"_links":{"self":[{"href":"https:\/\/www.milenadunic.com\/sr\/wp-json\/wp\/v2\/product\/15118"}],"collection":[{"href":"https:\/\/www.milenadunic.com\/sr\/wp-json\/wp\/v2\/product"}],"about":[{"href":"https:\/\/www.milenadunic.com\/sr\/wp-json\/wp\/v2\/types\/product"}],"wp:featuredmedia":[{"embeddable":true,"href":"https:\/\/www.milenadunic.com\/sr\/wp-json\/wp\/v2\/media\/15108"}],"wp:attachment":[{"href":"https:\/\/www.milenadunic.com\/sr\/wp-json\/wp\/v2\/media?parent=15118"}],"curies":[{"name":"wp","href":"https:\/\/api.w.org\/{rel}","templated":true}]}}