{"id":14227,"date":"2021-07-06T09:18:37","date_gmt":"2021-07-06T09:18:37","guid":{"rendered":"https:\/\/www.milenadunic.com\/shop\/la-boqueria\/"},"modified":"2021-07-06T13:13:51","modified_gmt":"2021-07-06T13:13:51","slug":"la-boqueria","status":"publish","type":"product","link":"https:\/\/www.milenadunic.com\/sr\/kolekcija\/la-boqueria\/","title":{"rendered":"La Boqueria"},"content":{"rendered":"","protected":false},"excerpt":{"rendered":"<p>La Boqueria je lagana haljina izra\u0111ena od svile. Ravnog kroja, sa dubokim V izrezom na le\u0111ima, ukrasnom tra\u010dicom za vezivanje i vertikalnim d\u017eepovima.<\/p>\n","protected":false},"featured_media":13627,"template":"","meta":[],"_links":{"self":[{"href":"https:\/\/www.milenadunic.com\/sr\/wp-json\/wp\/v2\/product\/14227"}],"collection":[{"href":"https:\/\/www.milenadunic.com\/sr\/wp-json\/wp\/v2\/product"}],"about":[{"href":"https:\/\/www.milenadunic.com\/sr\/wp-json\/wp\/v2\/types\/product"}],"wp:featuredmedia":[{"embeddable":true,"href":"https:\/\/www.milenadunic.com\/sr\/wp-json\/wp\/v2\/media\/13627"}],"wp:attachment":[{"href":"https:\/\/www.milenadunic.com\/sr\/wp-json\/wp\/v2\/media?parent=14227"}],"curies":[{"name":"wp","href":"https:\/\/api.w.org\/{rel}","templated":true}]}}