{"id":14221,"date":"2021-07-06T09:18:37","date_gmt":"2021-07-06T09:18:37","guid":{"rendered":"https:\/\/www.milenadunic.com\/shop\/nektar\/"},"modified":"2021-07-06T13:11:44","modified_gmt":"2021-07-06T13:11:44","slug":"nektar","status":"publish","type":"product","link":"https:\/\/www.milenadunic.com\/sr\/kolekcija\/nektar\/","title":{"rendered":"Nektar"},"content":{"rendered":"","protected":false},"excerpt":{"rendered":"<p>Nektar je lagana haljina od prirodnog viskoznog materijala. Ravnog kroja, sa dubokim V izrezom na le\u0111ima, ukrasnom tra\u010dicom za vezivanje i vertikalnim d\u017eepovima. <\/p>\n","protected":false},"featured_media":13617,"template":"","meta":[],"_links":{"self":[{"href":"https:\/\/www.milenadunic.com\/sr\/wp-json\/wp\/v2\/product\/14221"}],"collection":[{"href":"https:\/\/www.milenadunic.com\/sr\/wp-json\/wp\/v2\/product"}],"about":[{"href":"https:\/\/www.milenadunic.com\/sr\/wp-json\/wp\/v2\/types\/product"}],"wp:featuredmedia":[{"embeddable":true,"href":"https:\/\/www.milenadunic.com\/sr\/wp-json\/wp\/v2\/media\/13617"}],"wp:attachment":[{"href":"https:\/\/www.milenadunic.com\/sr\/wp-json\/wp\/v2\/media?parent=14221"}],"curies":[{"name":"wp","href":"https:\/\/api.w.org\/{rel}","templated":true}]}}