{"id":14215,"date":"2021-07-06T09:18:37","date_gmt":"2021-07-06T09:18:37","guid":{"rendered":"https:\/\/www.milenadunic.com\/shop\/opium\/"},"modified":"2021-07-06T13:11:57","modified_gmt":"2021-07-06T13:11:57","slug":"opium","status":"publish","type":"product","link":"https:\/\/www.milenadunic.com\/sr\/kolekcija\/opium\/","title":{"rendered":"Opium"},"content":{"rendered":"","protected":false},"excerpt":{"rendered":"<p>Opium je haljina H-kroja izra\u0111ena od kombinacije \u017eerseja i viskoze, identi\u010dnog printa. Transparentni, viskozni rukavi su ukrojeni dublje, tako da je haljina delimi\u010dno transparentna u gornjem delu.<\/p>\n","protected":false},"featured_media":13605,"template":"","meta":[],"_links":{"self":[{"href":"https:\/\/www.milenadunic.com\/sr\/wp-json\/wp\/v2\/product\/14215"}],"collection":[{"href":"https:\/\/www.milenadunic.com\/sr\/wp-json\/wp\/v2\/product"}],"about":[{"href":"https:\/\/www.milenadunic.com\/sr\/wp-json\/wp\/v2\/types\/product"}],"wp:featuredmedia":[{"embeddable":true,"href":"https:\/\/www.milenadunic.com\/sr\/wp-json\/wp\/v2\/media\/13605"}],"wp:attachment":[{"href":"https:\/\/www.milenadunic.com\/sr\/wp-json\/wp\/v2\/media?parent=14215"}],"curies":[{"name":"wp","href":"https:\/\/api.w.org\/{rel}","templated":true}]}}