{"id":14209,"date":"2021-07-06T09:18:37","date_gmt":"2021-07-06T09:18:37","guid":{"rendered":"https:\/\/www.milenadunic.com\/shop\/the-shard\/"},"modified":"2021-07-06T13:12:12","modified_gmt":"2021-07-06T13:12:12","slug":"the-shard","status":"publish","type":"product","link":"https:\/\/www.milenadunic.com\/sr\/kolekcija\/the-shard\/","title":{"rendered":"The Shard"},"content":{"rendered":"","protected":false},"excerpt":{"rendered":"<p>The Shard je lagana haljina od prirodnog viskoznog materijala apstraktnog dezena. Ravnog kroja, sa dubokim V izrezom na le\u0111ima, ukrasnom tra\u010dicom za vezivanje i vertikalnim d\u017eepovima.<\/p>\n","protected":false},"featured_media":13593,"template":"","meta":[],"_links":{"self":[{"href":"https:\/\/www.milenadunic.com\/sr\/wp-json\/wp\/v2\/product\/14209"}],"collection":[{"href":"https:\/\/www.milenadunic.com\/sr\/wp-json\/wp\/v2\/product"}],"about":[{"href":"https:\/\/www.milenadunic.com\/sr\/wp-json\/wp\/v2\/types\/product"}],"wp:featuredmedia":[{"embeddable":true,"href":"https:\/\/www.milenadunic.com\/sr\/wp-json\/wp\/v2\/media\/13593"}],"wp:attachment":[{"href":"https:\/\/www.milenadunic.com\/sr\/wp-json\/wp\/v2\/media?parent=14209"}],"curies":[{"name":"wp","href":"https:\/\/api.w.org\/{rel}","templated":true}]}}