{"id":14197,"date":"2021-07-06T09:20:40","date_gmt":"2021-07-06T09:20:40","guid":{"rendered":"https:\/\/www.milenadunic.com\/shop\/beatrice\/"},"modified":"2026-04-24T13:49:16","modified_gmt":"2026-04-24T13:49:16","slug":"beatrice","status":"publish","type":"product","link":"https:\/\/www.milenadunic.com\/sr\/kolekcija\/beatrice\/","title":{"rendered":"Beatrice"},"content":{"rendered":"","protected":false},"excerpt":{"rendered":"<p>Beatrice je haljina A-kroja sa puf rukavima i V vratnim izrezom. Izra\u0111ena je od \u010dipke sa vezom, i viskozne postave. \u010cipka se u donjem delu suknje zavr\u0161ava cik-cak ukrasnom bordurom.<\/p>\n","protected":false},"featured_media":13637,"template":"","meta":[],"_links":{"self":[{"href":"https:\/\/www.milenadunic.com\/sr\/wp-json\/wp\/v2\/product\/14197"}],"collection":[{"href":"https:\/\/www.milenadunic.com\/sr\/wp-json\/wp\/v2\/product"}],"about":[{"href":"https:\/\/www.milenadunic.com\/sr\/wp-json\/wp\/v2\/types\/product"}],"wp:featuredmedia":[{"embeddable":true,"href":"https:\/\/www.milenadunic.com\/sr\/wp-json\/wp\/v2\/media\/13637"}],"wp:attachment":[{"href":"https:\/\/www.milenadunic.com\/sr\/wp-json\/wp\/v2\/media?parent=14197"}],"curies":[{"name":"wp","href":"https:\/\/api.w.org\/{rel}","templated":true}]}}