{"id":14195,"date":"2021-07-06T09:21:16","date_gmt":"2021-07-06T09:21:16","guid":{"rendered":"https:\/\/www.milenadunic.com\/shop\/amelie\/"},"modified":"2021-07-06T13:10:10","modified_gmt":"2021-07-06T13:10:10","slug":"amelie","status":"publish","type":"product","link":"https:\/\/www.milenadunic.com\/sr\/kolekcija\/amelie\/","title":{"rendered":"Am\u00e9lie"},"content":{"rendered":"","protected":false},"excerpt":{"rendered":"<p>Am\u00e9lie je haljina A-kroja sa kvadratnim vratnim i V-le\u0111nim izrezom. Bretele su trakice vezane u ma\u0161ne. Izra\u0111ena je od poplina akvarel printa, dok je postava tako\u0111e od pamuka.<\/p>\n","protected":false},"featured_media":13651,"template":"","meta":[],"_links":{"self":[{"href":"https:\/\/www.milenadunic.com\/sr\/wp-json\/wp\/v2\/product\/14195"}],"collection":[{"href":"https:\/\/www.milenadunic.com\/sr\/wp-json\/wp\/v2\/product"}],"about":[{"href":"https:\/\/www.milenadunic.com\/sr\/wp-json\/wp\/v2\/types\/product"}],"wp:featuredmedia":[{"embeddable":true,"href":"https:\/\/www.milenadunic.com\/sr\/wp-json\/wp\/v2\/media\/13651"}],"wp:attachment":[{"href":"https:\/\/www.milenadunic.com\/sr\/wp-json\/wp\/v2\/media?parent=14195"}],"curies":[{"name":"wp","href":"https:\/\/api.w.org\/{rel}","templated":true}]}}