{"id":14175,"date":"2021-07-06T09:22:31","date_gmt":"2021-07-06T09:22:31","guid":{"rendered":"https:\/\/www.milenadunic.com\/shop\/provence\/"},"modified":"2021-07-06T13:09:35","modified_gmt":"2021-07-06T13:09:35","slug":"provence","status":"publish","type":"product","link":"https:\/\/www.milenadunic.com\/sr\/kolekcija\/provence\/","title":{"rendered":"Provence"},"content":{"rendered":"","protected":false},"excerpt":{"rendered":"<p>Provence je haljina A-kroja, sa V-vratnim izrezom i punim glohom u donjem delu. Puf rukavi su dublje ukrojeni i ukra\u0161eni su dekorativnim tra\u010dicama oko zgloba. Pozadi je strukiranje kontrolisano trakama koje se vezuju u ma\u0161nu. Haljina je izra\u0111ena od fine svile razli\u010ditih dezena.<\/p>\n","protected":false},"featured_media":13693,"template":"","meta":[],"_links":{"self":[{"href":"https:\/\/www.milenadunic.com\/sr\/wp-json\/wp\/v2\/product\/14175"}],"collection":[{"href":"https:\/\/www.milenadunic.com\/sr\/wp-json\/wp\/v2\/product"}],"about":[{"href":"https:\/\/www.milenadunic.com\/sr\/wp-json\/wp\/v2\/types\/product"}],"wp:featuredmedia":[{"embeddable":true,"href":"https:\/\/www.milenadunic.com\/sr\/wp-json\/wp\/v2\/media\/13693"}],"wp:attachment":[{"href":"https:\/\/www.milenadunic.com\/sr\/wp-json\/wp\/v2\/media?parent=14175"}],"curies":[{"name":"wp","href":"https:\/\/api.w.org\/{rel}","templated":true}]}}