{"id":14173,"date":"2021-07-06T09:23:42","date_gmt":"2021-07-06T09:23:42","guid":{"rendered":"https:\/\/www.milenadunic.com\/shop\/daiquiri\/"},"modified":"2021-07-06T13:09:26","modified_gmt":"2021-07-06T13:09:26","slug":"daiquiri","status":"publish","type":"product","link":"https:\/\/www.milenadunic.com\/sr\/kolekcija\/daiquiri\/","title":{"rendered":"Daiquiri"},"content":{"rendered":"","protected":false},"excerpt":{"rendered":"<p>Daiquiri je strukirana haljina kvadratnog vratnog izreza, sa bo\u010dnim vertikalnim d\u017eepovima. Asimetri\u010dnog je kroja, naizgled sa preklopom i dekorativnim kai\u0161em kao dodatkom. Izra\u0111ena je od dve boje fine sand-washed svile.<\/p>\n","protected":false},"featured_media":13707,"template":"","meta":[],"_links":{"self":[{"href":"https:\/\/www.milenadunic.com\/sr\/wp-json\/wp\/v2\/product\/14173"}],"collection":[{"href":"https:\/\/www.milenadunic.com\/sr\/wp-json\/wp\/v2\/product"}],"about":[{"href":"https:\/\/www.milenadunic.com\/sr\/wp-json\/wp\/v2\/types\/product"}],"wp:featuredmedia":[{"embeddable":true,"href":"https:\/\/www.milenadunic.com\/sr\/wp-json\/wp\/v2\/media\/13707"}],"wp:attachment":[{"href":"https:\/\/www.milenadunic.com\/sr\/wp-json\/wp\/v2\/media?parent=14173"}],"curies":[{"name":"wp","href":"https:\/\/api.w.org\/{rel}","templated":true}]}}