{"id":14167,"date":"2021-07-06T09:24:53","date_gmt":"2021-07-06T09:24:53","guid":{"rendered":"https:\/\/www.milenadunic.com\/shop\/cezanne\/"},"modified":"2021-07-06T13:09:20","modified_gmt":"2021-07-06T13:09:20","slug":"cezanne","status":"publish","type":"product","link":"https:\/\/www.milenadunic.com\/sr\/kolekcija\/cezanne\/","title":{"rendered":"C\u00e9zanne"},"content":{"rendered":"","protected":false},"excerpt":{"rendered":"<p>C\u00e9zanne je haljina A-kroja, sa V-vratnim izrezom i punim glohom u donjem delu. Puf rukavi su dublje ukrojeni i ukra\u0161eni su dekorativnim tra\u010dicama oko zgloba. Pozadi je strukiranje kontrolisano trakama koje se vezuju u ma\u0161nu. Haljina je izra\u0111ena od fine svile cvetnog dezena.<\/p>\n","protected":false},"featured_media":13715,"template":"","meta":[],"_links":{"self":[{"href":"https:\/\/www.milenadunic.com\/sr\/wp-json\/wp\/v2\/product\/14167"}],"collection":[{"href":"https:\/\/www.milenadunic.com\/sr\/wp-json\/wp\/v2\/product"}],"about":[{"href":"https:\/\/www.milenadunic.com\/sr\/wp-json\/wp\/v2\/types\/product"}],"wp:featuredmedia":[{"embeddable":true,"href":"https:\/\/www.milenadunic.com\/sr\/wp-json\/wp\/v2\/media\/13715"}],"wp:attachment":[{"href":"https:\/\/www.milenadunic.com\/sr\/wp-json\/wp\/v2\/media?parent=14167"}],"curies":[{"name":"wp","href":"https:\/\/api.w.org\/{rel}","templated":true}]}}