{"id":14161,"date":"2021-07-06T09:26:02","date_gmt":"2021-07-06T09:26:02","guid":{"rendered":"https:\/\/www.milenadunic.com\/shop\/isola\/"},"modified":"2021-07-07T19:54:30","modified_gmt":"2021-07-07T19:54:30","slug":"isola","status":"publish","type":"product","link":"https:\/\/www.milenadunic.com\/sr\/kolekcija\/isola\/","title":{"rendered":"Isola"},"content":{"rendered":"","protected":false},"excerpt":{"rendered":"<p>Isola je lagana haljina izra\u0111ena od pamuka. Ravnog kroja, sa dubokim V izrezom na le\u0111ima i vertikalnim d\u017eepovima. Motiv printa je Taormina, gradi\u0107 na obali Sicilije.<\/p>\n","protected":false},"featured_media":14335,"template":"","meta":[],"_links":{"self":[{"href":"https:\/\/www.milenadunic.com\/sr\/wp-json\/wp\/v2\/product\/14161"}],"collection":[{"href":"https:\/\/www.milenadunic.com\/sr\/wp-json\/wp\/v2\/product"}],"about":[{"href":"https:\/\/www.milenadunic.com\/sr\/wp-json\/wp\/v2\/types\/product"}],"wp:featuredmedia":[{"embeddable":true,"href":"https:\/\/www.milenadunic.com\/sr\/wp-json\/wp\/v2\/media\/14335"}],"wp:attachment":[{"href":"https:\/\/www.milenadunic.com\/sr\/wp-json\/wp\/v2\/media?parent=14161"}],"curies":[{"name":"wp","href":"https:\/\/api.w.org\/{rel}","templated":true}]}}