{"id":14152,"date":"2021-07-06T09:27:31","date_gmt":"2021-07-06T09:27:31","guid":{"rendered":"https:\/\/www.milenadunic.com\/shop\/inka\/"},"modified":"2021-07-06T13:08:58","modified_gmt":"2021-07-06T13:08:58","slug":"inka","status":"publish","type":"product","link":"https:\/\/www.milenadunic.com\/sr\/kolekcija\/inka\/","title":{"rendered":"Inka"},"content":{"rendered":"","protected":false},"excerpt":{"rendered":"<p>Inka je haljina ravnog kroja sa kvadratnim vratnim izrezom napred i pozadi. Rukavi su lepr\u0161avi, nabrani i oja\u010dani na ramenima. Izra\u0111ena je od dezeniranog polutransparentnog \u017eerseja sa dosta likre, i neprovidne postave.<\/p>\n","protected":false},"featured_media":13749,"template":"","meta":[],"_links":{"self":[{"href":"https:\/\/www.milenadunic.com\/sr\/wp-json\/wp\/v2\/product\/14152"}],"collection":[{"href":"https:\/\/www.milenadunic.com\/sr\/wp-json\/wp\/v2\/product"}],"about":[{"href":"https:\/\/www.milenadunic.com\/sr\/wp-json\/wp\/v2\/types\/product"}],"wp:featuredmedia":[{"embeddable":true,"href":"https:\/\/www.milenadunic.com\/sr\/wp-json\/wp\/v2\/media\/13749"}],"wp:attachment":[{"href":"https:\/\/www.milenadunic.com\/sr\/wp-json\/wp\/v2\/media?parent=14152"}],"curies":[{"name":"wp","href":"https:\/\/api.w.org\/{rel}","templated":true}]}}