{"id":14146,"date":"2021-07-06T09:28:41","date_gmt":"2021-07-06T09:28:41","guid":{"rendered":"https:\/\/www.milenadunic.com\/shop\/livadi\/"},"modified":"2021-07-06T13:08:50","modified_gmt":"2021-07-06T13:08:50","slug":"livadi","status":"publish","type":"product","link":"https:\/\/www.milenadunic.com\/sr\/kolekcija\/livadi\/","title":{"rendered":"Livadi"},"content":{"rendered":"","protected":false},"excerpt":{"rendered":"<p>Livadi je haljina na preklop sa punim glohom u donjem delu i lepr\u0161avim rukavima. Izra\u0111ena je od dva sloja svile, dezenirane i jednobojne. Postava i lice donjeg dela su nejednakog, asimetri\u010dnog zavr\u0161etka sa ciljem lepr\u0161avijeg izgleda.<\/p>\n","protected":false},"featured_media":13760,"template":"","meta":[],"_links":{"self":[{"href":"https:\/\/www.milenadunic.com\/sr\/wp-json\/wp\/v2\/product\/14146"}],"collection":[{"href":"https:\/\/www.milenadunic.com\/sr\/wp-json\/wp\/v2\/product"}],"about":[{"href":"https:\/\/www.milenadunic.com\/sr\/wp-json\/wp\/v2\/types\/product"}],"wp:featuredmedia":[{"embeddable":true,"href":"https:\/\/www.milenadunic.com\/sr\/wp-json\/wp\/v2\/media\/13760"}],"wp:attachment":[{"href":"https:\/\/www.milenadunic.com\/sr\/wp-json\/wp\/v2\/media?parent=14146"}],"curies":[{"name":"wp","href":"https:\/\/api.w.org\/{rel}","templated":true}]}}