{"id":14134,"date":"2021-07-06T09:31:54","date_gmt":"2021-07-06T09:31:54","guid":{"rendered":"https:\/\/www.milenadunic.com\/shop\/manjez\/"},"modified":"2021-07-06T13:08:32","modified_gmt":"2021-07-06T13:08:32","slug":"manjez","status":"publish","type":"product","link":"https:\/\/www.milenadunic.com\/sr\/kolekcija\/manjez\/","title":{"rendered":"Manje\u017e"},"content":{"rendered":"","protected":false},"excerpt":{"rendered":"<p>Manje\u017e je strukirana haljina sa tulipan donjim delom i srcastim vratnim izrezom. Izra\u0111ena je od cvetno dezeniranog viskozno-pamu\u010dnog grosgraina sa malo elastina.<\/p>\n","protected":false},"featured_media":13788,"template":"","meta":[],"_links":{"self":[{"href":"https:\/\/www.milenadunic.com\/sr\/wp-json\/wp\/v2\/product\/14134"}],"collection":[{"href":"https:\/\/www.milenadunic.com\/sr\/wp-json\/wp\/v2\/product"}],"about":[{"href":"https:\/\/www.milenadunic.com\/sr\/wp-json\/wp\/v2\/types\/product"}],"wp:featuredmedia":[{"embeddable":true,"href":"https:\/\/www.milenadunic.com\/sr\/wp-json\/wp\/v2\/media\/13788"}],"wp:attachment":[{"href":"https:\/\/www.milenadunic.com\/sr\/wp-json\/wp\/v2\/media?parent=14134"}],"curies":[{"name":"wp","href":"https:\/\/api.w.org\/{rel}","templated":true}]}}