{"id":14128,"date":"2021-07-06T09:32:30","date_gmt":"2021-07-06T09:32:30","guid":{"rendered":"https:\/\/www.milenadunic.com\/shop\/kadaif\/"},"modified":"2021-07-06T13:08:20","modified_gmt":"2021-07-06T13:08:20","slug":"kadaif","status":"publish","type":"product","link":"https:\/\/www.milenadunic.com\/sr\/kolekcija\/kadaif\/","title":{"rendered":"Kadaif"},"content":{"rendered":"","protected":false},"excerpt":{"rendered":"<p>Kadaif je haljina H-kroja sa izrezom polurolke, bo\u010dnim \u0161avovima blago pomerenim unapred i vertikalnim d\u017eepovima. Izra\u0111ena je od elasti\u010dnog, tanjeg, \u017eakarda apstraktnog dezena.<\/p>\n","protected":false},"featured_media":13800,"template":"","meta":[],"_links":{"self":[{"href":"https:\/\/www.milenadunic.com\/sr\/wp-json\/wp\/v2\/product\/14128"}],"collection":[{"href":"https:\/\/www.milenadunic.com\/sr\/wp-json\/wp\/v2\/product"}],"about":[{"href":"https:\/\/www.milenadunic.com\/sr\/wp-json\/wp\/v2\/types\/product"}],"wp:featuredmedia":[{"embeddable":true,"href":"https:\/\/www.milenadunic.com\/sr\/wp-json\/wp\/v2\/media\/13800"}],"wp:attachment":[{"href":"https:\/\/www.milenadunic.com\/sr\/wp-json\/wp\/v2\/media?parent=14128"}],"curies":[{"name":"wp","href":"https:\/\/api.w.org\/{rel}","templated":true}]}}