{"id":14122,"date":"2021-07-06T09:34:49","date_gmt":"2021-07-06T09:34:49","guid":{"rendered":"https:\/\/www.milenadunic.com\/shop\/middy\/"},"modified":"2021-07-06T13:07:05","modified_gmt":"2021-07-06T13:07:05","slug":"middy","status":"publish","type":"product","link":"https:\/\/www.milenadunic.com\/sr\/kolekcija\/middy\/","title":{"rendered":"Middy"},"content":{"rendered":"","protected":false},"excerpt":{"rendered":"<p>Middy je lagana haljina izra\u0111ena od viskoznog materijala mornarskog dezena. Ravnog kroja, sa dubokim V izrezom na le\u0111ima, ukrasnom tra\u010dicom za vezivanje i vertikalnim d\u017eepovima. <\/p>\n","protected":false},"featured_media":13812,"template":"","meta":[],"_links":{"self":[{"href":"https:\/\/www.milenadunic.com\/sr\/wp-json\/wp\/v2\/product\/14122"}],"collection":[{"href":"https:\/\/www.milenadunic.com\/sr\/wp-json\/wp\/v2\/product"}],"about":[{"href":"https:\/\/www.milenadunic.com\/sr\/wp-json\/wp\/v2\/types\/product"}],"wp:featuredmedia":[{"embeddable":true,"href":"https:\/\/www.milenadunic.com\/sr\/wp-json\/wp\/v2\/media\/13812"}],"wp:attachment":[{"href":"https:\/\/www.milenadunic.com\/sr\/wp-json\/wp\/v2\/media?parent=14122"}],"curies":[{"name":"wp","href":"https:\/\/api.w.org\/{rel}","templated":true}]}}