{"id":14116,"date":"2021-07-06T09:35:42","date_gmt":"2021-07-06T09:35:42","guid":{"rendered":"https:\/\/www.milenadunic.com\/shop\/bloom\/"},"modified":"2021-07-06T13:06:48","modified_gmt":"2021-07-06T13:06:48","slug":"bloom","status":"publish","type":"product","link":"https:\/\/www.milenadunic.com\/sr\/kolekcija\/bloom\/","title":{"rendered":"Bloom"},"content":{"rendered":"","protected":false},"excerpt":{"rendered":"<p>Bloom je asimetri\u010dna haljina A-kroja, kvadratnog vratnog izreza sa tankim, \u0161pageti bretelama. Izra\u0111ena je od cvetno dezenirane i jednobojne svile.<\/p>\n","protected":false},"featured_media":13822,"template":"","meta":[],"_links":{"self":[{"href":"https:\/\/www.milenadunic.com\/sr\/wp-json\/wp\/v2\/product\/14116"}],"collection":[{"href":"https:\/\/www.milenadunic.com\/sr\/wp-json\/wp\/v2\/product"}],"about":[{"href":"https:\/\/www.milenadunic.com\/sr\/wp-json\/wp\/v2\/types\/product"}],"wp:featuredmedia":[{"embeddable":true,"href":"https:\/\/www.milenadunic.com\/sr\/wp-json\/wp\/v2\/media\/13822"}],"wp:attachment":[{"href":"https:\/\/www.milenadunic.com\/sr\/wp-json\/wp\/v2\/media?parent=14116"}],"curies":[{"name":"wp","href":"https:\/\/api.w.org\/{rel}","templated":true}]}}