{"id":14110,"date":"2021-07-06T09:36:29","date_gmt":"2021-07-06T09:36:29","guid":{"rendered":"https:\/\/www.milenadunic.com\/shop\/iris\/"},"modified":"2021-07-06T13:06:38","modified_gmt":"2021-07-06T13:06:38","slug":"iris","status":"publish","type":"product","link":"https:\/\/www.milenadunic.com\/sr\/kolekcija\/iris\/","title":{"rendered":"Iris"},"content":{"rendered":"","protected":false},"excerpt":{"rendered":"<p>Iris je haljina A-kroja, V vratnog izreza, sa tankim \u0161pageti bretelama. Izra\u0111ena je od viskoznog materijala tri razli\u010dita dezena.<\/p>\n","protected":false},"featured_media":13834,"template":"","meta":[],"_links":{"self":[{"href":"https:\/\/www.milenadunic.com\/sr\/wp-json\/wp\/v2\/product\/14110"}],"collection":[{"href":"https:\/\/www.milenadunic.com\/sr\/wp-json\/wp\/v2\/product"}],"about":[{"href":"https:\/\/www.milenadunic.com\/sr\/wp-json\/wp\/v2\/types\/product"}],"wp:featuredmedia":[{"embeddable":true,"href":"https:\/\/www.milenadunic.com\/sr\/wp-json\/wp\/v2\/media\/13834"}],"wp:attachment":[{"href":"https:\/\/www.milenadunic.com\/sr\/wp-json\/wp\/v2\/media?parent=14110"}],"curies":[{"name":"wp","href":"https:\/\/api.w.org\/{rel}","templated":true}]}}