{"id":14104,"date":"2021-07-06T09:37:20","date_gmt":"2021-07-06T09:37:20","guid":{"rendered":"https:\/\/www.milenadunic.com\/shop\/arles\/"},"modified":"2025-03-24T18:22:32","modified_gmt":"2025-03-24T18:22:32","slug":"arles","status":"publish","type":"product","link":"https:\/\/www.milenadunic.com\/sr\/kolekcija\/arles\/","title":{"rendered":"Arles"},"content":{"rendered":"","protected":false},"excerpt":{"rendered":"<p>Arles je haljina A-kroja, sa V-vratnim izrezom i punim glohom u donjem delu. Otvor na le\u0111ima prekriven je ukr\u0161tenim tankim trakama. Puf rukavi su dublje ukrojeni i ukra\u0161eni dekorativnim tra\u010dicama oko zgloba. Haljina je izra\u0111ena od fine svile razli\u010ditih cvetnih dezena.<\/p>\n","protected":false},"featured_media":13844,"template":"","meta":[],"_links":{"self":[{"href":"https:\/\/www.milenadunic.com\/sr\/wp-json\/wp\/v2\/product\/14104"}],"collection":[{"href":"https:\/\/www.milenadunic.com\/sr\/wp-json\/wp\/v2\/product"}],"about":[{"href":"https:\/\/www.milenadunic.com\/sr\/wp-json\/wp\/v2\/types\/product"}],"wp:featuredmedia":[{"embeddable":true,"href":"https:\/\/www.milenadunic.com\/sr\/wp-json\/wp\/v2\/media\/13844"}],"wp:attachment":[{"href":"https:\/\/www.milenadunic.com\/sr\/wp-json\/wp\/v2\/media?parent=14104"}],"curies":[{"name":"wp","href":"https:\/\/api.w.org\/{rel}","templated":true}]}}