{"id":14098,"date":"2021-07-06T09:37:52","date_gmt":"2021-07-06T09:37:52","guid":{"rendered":"https:\/\/www.milenadunic.com\/shop\/pastis\/"},"modified":"2021-07-06T13:06:13","modified_gmt":"2021-07-06T13:06:13","slug":"pastis","status":"publish","type":"product","link":"https:\/\/www.milenadunic.com\/sr\/kolekcija\/pastis\/","title":{"rendered":"Pastis"},"content":{"rendered":"","protected":false},"excerpt":{"rendered":"<p>Pastis je haljina A-kroja, sa V-vratnim izrezom i punim glohom u donjem delu. Puf rukavi su dublje ukrojeni i ukra\u0161eni su dekorativnim tra\u010dicama oko zgloba. Pozadi je strukiranje kontrolisano trakama koje se vezuju u ma\u0161nu. Haljina je izra\u0111ena od fine svile razli\u010ditih cvetnih dezena.<\/p>\n","protected":false},"featured_media":13859,"template":"","meta":[],"_links":{"self":[{"href":"https:\/\/www.milenadunic.com\/sr\/wp-json\/wp\/v2\/product\/14098"}],"collection":[{"href":"https:\/\/www.milenadunic.com\/sr\/wp-json\/wp\/v2\/product"}],"about":[{"href":"https:\/\/www.milenadunic.com\/sr\/wp-json\/wp\/v2\/types\/product"}],"wp:featuredmedia":[{"embeddable":true,"href":"https:\/\/www.milenadunic.com\/sr\/wp-json\/wp\/v2\/media\/13859"}],"wp:attachment":[{"href":"https:\/\/www.milenadunic.com\/sr\/wp-json\/wp\/v2\/media?parent=14098"}],"curies":[{"name":"wp","href":"https:\/\/api.w.org\/{rel}","templated":true}]}}