{"id":14092,"date":"2021-07-06T09:38:35","date_gmt":"2021-07-06T09:38:35","guid":{"rendered":"https:\/\/www.milenadunic.com\/shop\/riviera\/"},"modified":"2021-07-06T13:06:04","modified_gmt":"2021-07-06T13:06:04","slug":"riviera","status":"publish","type":"product","link":"https:\/\/www.milenadunic.com\/sr\/kolekcija\/riviera\/","title":{"rendered":"Riviera"},"content":{"rendered":"","protected":false},"excerpt":{"rendered":"<p>Riviera je haljina A-kroja sa kvadratnim vratnim i V-le\u0111nim izrezom. Bretele su trakice vezane u ma\u0161ne. Izra\u0111ena je od batista sa motivom Francuske rivijere, dok je postava tako\u0111e od pamuka.<\/p>\n","protected":false},"featured_media":13872,"template":"","meta":[],"_links":{"self":[{"href":"https:\/\/www.milenadunic.com\/sr\/wp-json\/wp\/v2\/product\/14092"}],"collection":[{"href":"https:\/\/www.milenadunic.com\/sr\/wp-json\/wp\/v2\/product"}],"about":[{"href":"https:\/\/www.milenadunic.com\/sr\/wp-json\/wp\/v2\/types\/product"}],"wp:featuredmedia":[{"embeddable":true,"href":"https:\/\/www.milenadunic.com\/sr\/wp-json\/wp\/v2\/media\/13872"}],"wp:attachment":[{"href":"https:\/\/www.milenadunic.com\/sr\/wp-json\/wp\/v2\/media?parent=14092"}],"curies":[{"name":"wp","href":"https:\/\/api.w.org\/{rel}","templated":true}]}}