{"id":14086,"date":"2021-07-06T09:39:05","date_gmt":"2021-07-06T09:39:05","guid":{"rendered":"https:\/\/www.milenadunic.com\/shop\/maya\/"},"modified":"2021-07-06T13:05:56","modified_gmt":"2021-07-06T13:05:56","slug":"maya","status":"publish","type":"product","link":"https:\/\/www.milenadunic.com\/sr\/kolekcija\/maya\/","title":{"rendered":"Maya"},"content":{"rendered":"","protected":false},"excerpt":{"rendered":"<p>Maya je haljina ravnog kroja sa kvadratnim vratnim izrezom napred i pozadi. Rukavi su lepr\u0161avi, nabrani i oja\u010dani na ramenima. Izra\u0111ena je od dezeniranog polutransparentnog \u017eerseja sa dosta likre, i neprovidne postave.<\/p>\n","protected":false},"featured_media":13882,"template":"","meta":[],"_links":{"self":[{"href":"https:\/\/www.milenadunic.com\/sr\/wp-json\/wp\/v2\/product\/14086"}],"collection":[{"href":"https:\/\/www.milenadunic.com\/sr\/wp-json\/wp\/v2\/product"}],"about":[{"href":"https:\/\/www.milenadunic.com\/sr\/wp-json\/wp\/v2\/types\/product"}],"wp:featuredmedia":[{"embeddable":true,"href":"https:\/\/www.milenadunic.com\/sr\/wp-json\/wp\/v2\/media\/13882"}],"wp:attachment":[{"href":"https:\/\/www.milenadunic.com\/sr\/wp-json\/wp\/v2\/media?parent=14086"}],"curies":[{"name":"wp","href":"https:\/\/api.w.org\/{rel}","templated":true}]}}