{"id":14080,"date":"2021-07-06T09:40:16","date_gmt":"2021-07-06T09:40:16","guid":{"rendered":"https:\/\/www.milenadunic.com\/shop\/siri\/"},"modified":"2021-07-06T13:05:38","modified_gmt":"2021-07-06T13:05:38","slug":"siri","status":"publish","type":"product","link":"https:\/\/www.milenadunic.com\/sr\/kolekcija\/siri\/","title":{"rendered":"Siri"},"content":{"rendered":"","protected":false},"excerpt":{"rendered":"<p>Siri je haljina A-kroja, V vratnog izreza, sa tankim \u0161pageti bretelama. Izra\u0111ena je od viskoznog materijala tri razli\u010dita dezena<\/p>\n","protected":false},"featured_media":13901,"template":"","meta":[],"_links":{"self":[{"href":"https:\/\/www.milenadunic.com\/sr\/wp-json\/wp\/v2\/product\/14080"}],"collection":[{"href":"https:\/\/www.milenadunic.com\/sr\/wp-json\/wp\/v2\/product"}],"about":[{"href":"https:\/\/www.milenadunic.com\/sr\/wp-json\/wp\/v2\/types\/product"}],"wp:featuredmedia":[{"embeddable":true,"href":"https:\/\/www.milenadunic.com\/sr\/wp-json\/wp\/v2\/media\/13901"}],"wp:attachment":[{"href":"https:\/\/www.milenadunic.com\/sr\/wp-json\/wp\/v2\/media?parent=14080"}],"curies":[{"name":"wp","href":"https:\/\/api.w.org\/{rel}","templated":true}]}}